{"id":2194,"date":"2025-11-07T23:51:18","date_gmt":"2025-11-07T22:51:18","guid":{"rendered":"https:\/\/ceylonsignature.com\/signature-aufenthalte\/"},"modified":"2025-12-09T13:01:31","modified_gmt":"2025-12-09T12:01:31","slug":"signature-aufenthalte","status":"publish","type":"page","link":"https:\/\/ceylonsignature.com\/de\/signature-aufenthalte\/","title":{"rendered":"Signature-Aufenthalte"},"content":{"rendered":"\t\t<div data-elementor-type=\"wp-page\" data-elementor-id=\"2194\" class=\"elementor elementor-2194\" data-elementor-post-type=\"page\">\n\t\t\t\t<div class=\"elementor-element elementor-element-42e553e e-flex e-con-boxed e-con e-parent\" data-id=\"42e553e\" data-element_type=\"container\" data-e-type=\"container\">\n\t\t\t\t\t<div class=\"e-con-inner\">\n\t\t\t\t<div class=\"elementor-element elementor-element-062259b elementor-widget elementor-widget-heading\" data-id=\"062259b\" data-element_type=\"widget\" data-e-type=\"widget\" data-widget_type=\"heading.default\">\n\t\t\t\t\t<h2 class=\"elementor-heading-title elementor-size-default\">Signature-Aufenthalte<\/h2>\t\t\t\t<\/div>\n\t\t\t\t\t<\/div>\n\t\t\t\t<\/div>\n\t\t<div class=\"elementor-element elementor-element-a9a88fb e-flex e-con-boxed e-con e-parent\" data-id=\"a9a88fb\" data-element_type=\"container\" data-e-type=\"container\" data-settings=\"{&quot;animation&quot;:&quot;none&quot;}\">\n\t\t\t\t\t<div class=\"e-con-inner\">\n\t\t<div class=\"elementor-element elementor-element-48f09a4 e-con-full e-flex e-con e-child\" data-id=\"48f09a4\" data-element_type=\"container\" data-e-type=\"container\" data-settings=\"{&quot;background_background&quot;:&quot;classic&quot;}\">\n\t\t<div class=\"elementor-element elementor-element-5b90b17 e-con-full e-flex e-con e-child\" data-id=\"5b90b17\" data-element_type=\"container\" data-e-type=\"container\">\n\t\t\t\t<div class=\"elementor-element elementor-element-788ce2a elementor-widget elementor-widget-heading\" data-id=\"788ce2a\" data-element_type=\"widget\" data-e-type=\"widget\" data-widget_type=\"heading.default\">\n\t\t\t\t\t<h2 class=\"elementor-heading-title elementor-size-default\"><b> Welpalla <\/b>Signature<\/h2>\t\t\t\t<\/div>\n\t\t\t\t<div class=\"elementor-element elementor-element-b7b8c9a elementor-widget elementor-widget-text-editor\" data-id=\"b7b8c9a\" data-element_type=\"widget\" data-e-type=\"widget\" data-widget_type=\"text-editor.default\">\n\t\t\t\t\t\t\t\t\t<div class=\"flex flex-col items-start justify-center w-full\"><p data-start=\"199\" data-end=\"688\">Welpalla Signature ist Ihr Zufluchtsort \u2013 ein Ort, an dem sich die Zeit verlangsamt,<strong> die Natur heilt <\/strong>und jeder Gast so umsorgt wird, als w\u00e4re er der einzige auf der Welt.<br data-start=\"357\" data-end=\"360\">Familien genie\u00dfen ihre eigenen abgeschiedenen Gartenbereiche, Kinder entdecken die Magie der Pflanzen und der Natur, und Paare finden friedliche Ecken f\u00fcr Meditation, Yoga und um wieder zueinander zu finden.<\/p><p data-start=\"690\" data-end=\"987\">Tief im \u00fcppigen Gr\u00fcn verborgen und umgeben von \u00fcber <strong data-start=\"741\" data-end=\"792\">6.000 seltenen und bedrohten Heilpflanzen<\/strong>, ist Welpalla Signature mehr als ein Aufenthalt \u2013 es ist ein <strong data-start=\"843\" data-end=\"903\">lebendiges Heiligtum f\u00fcr Ayurveda, Kultur und reine Gelassenheit.<\/strong> Viele G\u00e4ste erz\u00e4hlen uns, dass sie sich f\u00fchlen, als w\u00e4ren sie in ihrem eigenen kleinen <em data-start=\"971\" data-end=\"986\">Himmel angekommen.<\/em><\/p><p data-start=\"989\" data-end=\"1278\">Anders als in herk\u00f6mmlichen Hotels sind <strong data-start=\"1017\" data-end=\"1089\">Ihre gesamte Villa und der Kr\u00e4utergarten exklusiv f\u00fcr Sie reserviert<\/strong> (oder f\u00fcr zwei gemeinsam reisende Familien). Mit vier ger\u00e4umigen Schlafzimmern, privaten Au\u00dfenbereichen und v\u00f6lliger Abgeschiedenheit erleben Sie unvergleichlichen Komfort in perfekter Harmonie mit der Natur.<\/p><p data-start=\"1280\" data-end=\"1562\">Jeder Moment hier ist darauf ausgelegt, sich zutiefst pers\u00f6nlich anzuf\u00fchlen.<br data-start=\"1334\" data-end=\"1337\">Von hausgemachten ayurvedischen vegetarischen Mahlzeiten, die speziell f\u00fcr Sie zubereitet werden, bis hin zu traditionellen Heiltherapien und individueller Aufmerksamkeit unseres liebevollen Teams \u2013 <strong data-start=\"1487\" data-end=\"1561\">Sie werden mit W\u00e4rme, F\u00fcrsorge und dem Gef\u00fchl behandelt, wirklich gesehen zu werden.<\/strong><\/p><p data-start=\"1827\" data-end=\"1875\"><strong data-start=\"1827\" data-end=\"1875\">Willkommen in Ihrem privaten Himmel in Sri Lanka.<\/strong><\/p><\/div>\t\t\t\t\t\t\t\t<\/div>\n\t\t\t\t<div class=\"elementor-element elementor-element-17bd8d4 elementor-widget elementor-widget-button\" data-id=\"17bd8d4\" data-element_type=\"widget\" data-e-type=\"widget\" data-widget_type=\"button.default\">\n\t\t\t\t\t\t\t\t\t\t<a class=\"elementor-button elementor-button-link elementor-size-sm\" href=\"https:\/\/welpalla-signature.com\/\" target=\"_blank\" rel=\"noopener\">\n\t\t\t\t\t\t<span class=\"elementor-button-content-wrapper\">\n\t\t\t\t\t\t\t\t\t<span class=\"elementor-button-text\">Mehr anzeigen<\/span>\n\t\t\t\t\t<\/span>\n\t\t\t\t\t<\/a>\n\t\t\t\t\t\t\t\t<\/div>\n\t\t\t\t<\/div>\n\t\t<div class=\"elementor-element elementor-element-16c3e6d e-con-full e-flex e-con e-child\" data-id=\"16c3e6d\" data-element_type=\"container\" data-e-type=\"container\">\n\t\t\t\t<div class=\"elementor-element elementor-element-c945679 elementor--h-position-center elementor--v-position-middle elementor-widget elementor-widget-slides\" data-id=\"c945679\" data-element_type=\"widget\" data-e-type=\"widget\" data-settings=\"{&quot;navigation&quot;:&quot;none&quot;,&quot;autoplay_speed&quot;:4000,&quot;transition&quot;:&quot;fade&quot;,&quot;transition_speed&quot;:2000,&quot;autoplay&quot;:&quot;yes&quot;,&quot;pause_on_hover&quot;:&quot;yes&quot;,&quot;pause_on_interaction&quot;:&quot;yes&quot;,&quot;infinite&quot;:&quot;yes&quot;}\" data-widget_type=\"slides.default\">\n\t\t\t\t\t\t\t\t\t\t<div class=\"elementor-slides-wrapper elementor-main-swiper swiper\" role=\"region\" aria-roledescription=\"carousel\" aria-label=\"Slides\" dir=\"ltr\" data-animation=\"fadeInRight\">\n\t\t\t\t<div class=\"swiper-wrapper elementor-slides\">\n\t\t\t\t\t\t\t\t\t\t<div class=\"elementor-repeater-item-b5a4572 swiper-slide\" role=\"group\" aria-roledescription=\"slide\"><div class=\"swiper-slide-bg elementor-ken-burns elementor-ken-burns--in\" role=\"img\" aria-label=\"Scenic Welpalla estate in Sri Lanka, perfect for luxury travel and nature exploration\"><\/div><div class=\"swiper-slide-inner\" ><div class=\"swiper-slide-contents\"><\/div><\/div><\/div><div class=\"elementor-repeater-item-aa2f249 swiper-slide\" role=\"group\" aria-roledescription=\"slide\"><div class=\"swiper-slide-bg elementor-ken-burns elementor-ken-burns--in\" role=\"img\" aria-label=\"\"><\/div><div class=\"swiper-slide-inner\" ><div class=\"swiper-slide-contents\"><\/div><\/div><\/div><div class=\"elementor-repeater-item-9b8ad1b swiper-slide\" role=\"group\" aria-roledescription=\"slide\"><div class=\"swiper-slide-bg elementor-ken-burns elementor-ken-burns--in\" role=\"img\" aria-label=\"\"><\/div><div class=\"swiper-slide-inner\" ><div class=\"swiper-slide-contents\"><\/div><\/div><\/div><div class=\"elementor-repeater-item-96aee41 swiper-slide\" role=\"group\" aria-roledescription=\"slide\"><div class=\"swiper-slide-bg elementor-ken-burns elementor-ken-burns--in\" role=\"img\" aria-label=\"Welpalla Signature 2\"><\/div><div class=\"swiper-slide-inner\" ><div class=\"swiper-slide-contents\"><\/div><\/div><\/div><div class=\"elementor-repeater-item-74dcddb swiper-slide\" role=\"group\" aria-roledescription=\"slide\"><div class=\"swiper-slide-bg\" role=\"img\" aria-label=\"Scenic Welpalla estate in Sri Lanka, perfect for luxury travel and nature exploration\"><\/div><div class=\"swiper-slide-inner\" ><div class=\"swiper-slide-contents\"><\/div><\/div><\/div>\t\t\t\t<\/div>\n\t\t\t\t\t\t\t\t\t\t\t\t\t\t\t\t\t\t\t\t\t<\/div>\n\t\t\t\t\t\t\t\t<\/div>\n\t\t\t\t<\/div>\n\t\t\t\t<\/div>\n\t\t<div class=\"elementor-element elementor-element-3769789 e-con-full e-flex e-con e-child\" data-id=\"3769789\" data-element_type=\"container\" data-e-type=\"container\" data-settings=\"{&quot;background_background&quot;:&quot;classic&quot;}\">\n\t\t<div class=\"elementor-element elementor-element-3c802b8 e-con-full e-flex e-con e-child\" data-id=\"3c802b8\" data-element_type=\"container\" data-e-type=\"container\">\n\t\t\t\t<div class=\"elementor-element elementor-element-077df09 elementor--h-position-center elementor--v-position-middle elementor-widget elementor-widget-slides\" data-id=\"077df09\" data-element_type=\"widget\" data-e-type=\"widget\" data-settings=\"{&quot;navigation&quot;:&quot;none&quot;,&quot;autoplay_speed&quot;:4000,&quot;transition&quot;:&quot;fade&quot;,&quot;transition_speed&quot;:2000,&quot;autoplay&quot;:&quot;yes&quot;,&quot;pause_on_hover&quot;:&quot;yes&quot;,&quot;pause_on_interaction&quot;:&quot;yes&quot;,&quot;infinite&quot;:&quot;yes&quot;}\" data-widget_type=\"slides.default\">\n\t\t\t\t\t\t\t\t\t\t<div class=\"elementor-slides-wrapper elementor-main-swiper swiper\" role=\"region\" aria-roledescription=\"carousel\" aria-label=\"Slides\" dir=\"ltr\" data-animation=\"fadeInRight\">\n\t\t\t\t<div class=\"swiper-wrapper elementor-slides\">\n\t\t\t\t\t\t\t\t\t\t<div class=\"elementor-repeater-item-96aee41 swiper-slide\" role=\"group\" aria-roledescription=\"slide\"><div class=\"swiper-slide-bg elementor-ken-burns elementor-ken-burns--in\" role=\"img\" aria-label=\"Rikili Ella waterfall in Sri Lanka, a serene spot for travel and nature photography\"><\/div><div class=\"swiper-slide-inner\" ><div class=\"swiper-slide-contents\"><\/div><\/div><\/div><div class=\"elementor-repeater-item-b5a4572 swiper-slide\" role=\"group\" aria-roledescription=\"slide\"><div class=\"swiper-slide-bg elementor-ken-burns elementor-ken-burns--in\" role=\"img\" aria-label=\"Rikili ella 1\"><\/div><div class=\"swiper-slide-inner\" ><div class=\"swiper-slide-contents\"><\/div><\/div><\/div><div class=\"elementor-repeater-item-aa2f249 swiper-slide\" role=\"group\" aria-roledescription=\"slide\"><div class=\"swiper-slide-bg elementor-ken-burns elementor-ken-burns--in\" role=\"img\" aria-label=\"Rikili ella 2\"><\/div><div class=\"swiper-slide-inner\" ><div class=\"swiper-slide-contents\"><\/div><\/div><\/div><div class=\"elementor-repeater-item-9b8ad1b swiper-slide\" role=\"group\" aria-roledescription=\"slide\"><div class=\"swiper-slide-bg elementor-ken-burns elementor-ken-burns--in\" role=\"img\" aria-label=\"Rikili ella 3\"><\/div><div class=\"swiper-slide-inner\" ><div class=\"swiper-slide-contents\"><\/div><\/div><\/div>\t\t\t\t<\/div>\n\t\t\t\t\t\t\t\t\t\t\t\t\t\t\t\t\t\t\t\t\t<\/div>\n\t\t\t\t\t\t\t\t<\/div>\n\t\t\t\t<\/div>\n\t\t<div class=\"elementor-element elementor-element-d1ec34c e-con-full e-flex e-con e-child\" data-id=\"d1ec34c\" data-element_type=\"container\" data-e-type=\"container\">\n\t\t\t\t<div class=\"elementor-element elementor-element-52940b6 elementor-widget elementor-widget-heading\" data-id=\"52940b6\" data-element_type=\"widget\" data-e-type=\"widget\" data-widget_type=\"heading.default\">\n\t\t\t\t\t<h2 class=\"elementor-heading-title elementor-size-default\"><b>Rikili Ella <\/b>Signature<\/h2>\t\t\t\t<\/div>\n\t\t\t\t<div class=\"elementor-element elementor-element-344d476 elementor-widget elementor-widget-text-editor\" data-id=\"344d476\" data-element_type=\"widget\" data-e-type=\"widget\" data-widget_type=\"text-editor.default\">\n\t\t\t\t\t\t\t\t\t<div class=\"flex flex-col items-start justify-center w-full\"><p data-start=\"254\" data-end=\"523\">Versteckt im \u00fcppig gr\u00fcnen Herzen von Bulathkohupitiya ist<strong data-start=\"306\" data-end=\"331\"> Rikili Ella Signature <\/strong>mehr als ein Aufenthalt \u2013 es ist eine tiefe Verbindung zur Natur, Kultur und Ihrem inneren Frieden.<\/p><p data-start=\"525\" data-end=\"748\">Wachen Sie in Ihrer <strong data-start=\"541\" data-end=\"562\">\u00d6ko-Luxus-Cabana<\/strong> auf, die so gestaltet ist, dass sie mit dem Wald atmet. Der sanfte Klang der V\u00f6gel und der behutsame Rhythmus des flie\u00dfenden Wassers \u00f6ffnen Ihre Augen.<\/p><p data-start=\"750\" data-end=\"1010\">Nur einen kurzen Spaziergang entfernt liegt der <strong data-start=\"782\" data-end=\"807\">Rikili Ella Wasserfall<\/strong>, ein Ort, an dem Sie die reinste Energie der Natur sp\u00fcren k\u00f6nnen \u2013 perfekt f\u00fcr stille Reflexion, Fotografie, Waldbaden und das Eintauchen in die heilende Kraft des Wassers.<\/p><p data-start=\"1012\" data-end=\"1233\">Rikili Ella Signature ist auch ein Ort des <strong data-start=\"1053\" data-end=\"1089\">Lernens und der Selbsttransformation.<\/strong> G\u00e4ste k\u00f6nnen Naturstudien, Achtsamkeits\u00fcbungen, Kr\u00e4uterwissen und einfache Selbstheilungsmethoden erkunden, die von srilankischen Traditionen inspiriert sind.<\/p><p data-start=\"1235\" data-end=\"1414\">Die Dorfgemeinschaft rund um Rikili Ella ist herzlich, bescheiden und wunderbar einzigartig. Ihr Lebensstil lehrt eine der gr\u00f6\u00dften Lektionen: <br data-start=\"1369\" data-end=\"1372\"><strong data-start=\"1372\" data-end=\"1413\">wie man einfach lebt und wirklich gl\u00fccklich ist.<\/strong><\/p><p data-start=\"1722\" data-end=\"1864\"><strong data-start=\"1722\" data-end=\"1747\">Rikili Ella Signature<\/strong> ist ein Ort, um sich wieder mit sich selbst, der Erde und dem zu verbinden, was wirklich z\u00e4hlt.<\/p><\/div>\t\t\t\t\t\t\t\t<\/div>\n\t\t\t\t<div class=\"elementor-element elementor-element-cb6b835 elementor-widget elementor-widget-button\" data-id=\"cb6b835\" data-element_type=\"widget\" data-e-type=\"widget\" data-widget_type=\"button.default\">\n\t\t\t\t\t\t\t\t\t\t<a class=\"elementor-button elementor-button-link elementor-size-sm\" href=\"https:\/\/welpalla-signature.com\/\" target=\"_blank\" rel=\"noopener\">\n\t\t\t\t\t\t<span class=\"elementor-button-content-wrapper\">\n\t\t\t\t\t\t\t\t\t<span class=\"elementor-button-text\">Mehr anzeigen<\/span>\n\t\t\t\t\t<\/span>\n\t\t\t\t\t<\/a>\n\t\t\t\t\t\t\t\t<\/div>\n\t\t\t\t<\/div>\n\t\t\t\t<\/div>\n\t\t\t\t\t<\/div>\n\t\t\t\t<\/div>\n\t\t<div class=\"elementor-element elementor-element-400e06a e-con-full e-flex e-con e-parent\" data-id=\"400e06a\" data-element_type=\"container\" data-e-type=\"container\">\n\t\t\t\t<div class=\"elementor-element elementor-element-b9be778 elementor-widget elementor-widget-template\" data-id=\"b9be778\" data-element_type=\"widget\" data-e-type=\"widget\" data-widget_type=\"template.default\">\n\t\t\t\t<div class=\"elementor-widget-container\">\n\t\t\t\t\t\t\t<div class=\"elementor-template\">\n\t\t\t\t\t<div data-elementor-type=\"container\" data-elementor-id=\"1683\" class=\"elementor elementor-1683\" data-elementor-post-type=\"elementor_library\">\n\t\t\t\t<div class=\"elementor-element elementor-element-5e571b39 e-flex e-con-boxed e-con e-parent\" data-id=\"5e571b39\" data-element_type=\"container\" data-e-type=\"container\" id=\"quote\" data-settings=\"{&quot;background_background&quot;:&quot;classic&quot;}\">\n\t\t\t\t\t<div class=\"e-con-inner\">\n\t\t<div class=\"elementor-element elementor-element-e141f33 e-con-full animated-slow e-flex elementor-invisible e-con e-child\" data-id=\"e141f33\" data-element_type=\"container\" data-e-type=\"container\" data-settings=\"{&quot;animation&quot;:&quot;fadeIn&quot;,&quot;animation_mobile&quot;:&quot;none&quot;}\">\n\t\t<div class=\"elementor-element elementor-element-6472956b e-con-full e-flex e-con e-child\" data-id=\"6472956b\" data-element_type=\"container\" data-e-type=\"container\">\n\t\t\t\t<div class=\"elementor-element elementor-element-30cb186c elementor-widget elementor-widget-heading\" data-id=\"30cb186c\" data-element_type=\"widget\" data-e-type=\"widget\" data-widget_type=\"heading.default\">\n\t\t\t\t\t<h2 class=\"elementor-heading-title elementor-size-default\"><b>Get a<\/b> Quote<\/h2>\t\t\t\t<\/div>\n\t\t\t\t<div class=\"elementor-element elementor-element-35614675 elementor-widget elementor-widget-text-editor\" data-id=\"35614675\" data-element_type=\"widget\" data-e-type=\"widget\" data-widget_type=\"text-editor.default\">\n\t\t\t\t\t\t\t\t\t<div class=\"flex flex-col items-start justify-center w-full\"><p class=\"lg:mb-[48px] mb-[24px] font-sans \">Our dedicated team of local experts are available 24\/7, ready to provide assistance whenever you need it<\/p><\/div>\t\t\t\t\t\t\t\t<\/div>\n\t\t\t\t<div class=\"elementor-element elementor-element-7f8f22ae fluentform-widget-submit-button-full-width elementor-widget elementor-widget-fluent-form-widget\" data-id=\"7f8f22ae\" data-element_type=\"widget\" data-e-type=\"widget\" data-widget_type=\"fluent-form-widget.default\">\n\t\t\t\t<div class=\"elementor-widget-container\">\n\t\t\t\t\t\n            <div class=\"fluentform-widget-wrapper\">\n\n            \n            <div class='fluentform ff-default fluentform_wrapper_5 ffs_default_wrap'><form data-form_id=\"5\" id=\"fluentform_5\" class=\"frm-fluent-form fluent_form_5 ff-el-form-top ff_form_instance_5_1 ff-form-loading ffs_default\" data-form_instance=\"ff_form_instance_5_1\" method=\"POST\" ><fieldset  style=\"border: none!important;margin: 0!important;padding: 0!important;background-color: transparent!important;box-shadow: none!important;outline: none!important; min-inline-size: 100%;\">\n                    <legend class=\"ff_screen_reader_title\" style=\"display: block; margin: 0!important;padding: 0!important;height: 0!important;text-indent: -999999px;width: 0!important;overflow:hidden;\">Get a Quote (2)<\/legend><input type='hidden' name='__fluent_form_embded_post_id' value='2194' \/><input type=\"hidden\" id=\"_fluentform_5_fluentformnonce\" name=\"_fluentform_5_fluentformnonce\" value=\"2392d3e3ab\" \/><input type=\"hidden\" name=\"_wp_http_referer\" value=\"\/de\/wp-json\/wp\/v2\/pages\/2194\" \/><div data-name=\"ff_cn_id_1\"  class='ff-t-container ff-column-container ff_columns_total_2 '><div class='ff-t-cell ff-t-column-1' style='flex-basis: 50%;'><div class='ff-el-group'><div class=\"ff-el-input--label ff-el-is-required asterisk-right\"><label for='ff_5_input_text' id='label_ff_5_input_text' aria-label=\"Full Name\">Full Name<\/label><\/div><div class='ff-el-input--content'><input type=\"text\" name=\"input_text\" class=\"ff-el-form-control\" placeholder=\" Hans Meier\" data-name=\"input_text\" id=\"ff_5_input_text\"  aria-invalid=\"false\" aria-required=true><\/div><\/div><\/div><div class='ff-t-cell ff-t-column-2' style='flex-basis: 50%;'><div class='ff-el-group'><div class=\"ff-el-input--label ff-el-is-required asterisk-right\"><label for='ff_5_email' id='label_ff_5_email' aria-label=\"Email Address\">Email Address<\/label><\/div><div class='ff-el-input--content'><input type=\"email\" name=\"email\" id=\"ff_5_email\" class=\"ff-el-form-control\" placeholder=\"hallo@outlook.com\" data-name=\"email\"  aria-invalid=\"false\" aria-required=true><\/div><\/div><\/div><\/div><div data-name=\"ff_cn_id_2\"  class='ff-t-container ff-column-container ff_columns_total_2 '><div class='ff-t-cell ff-t-column-1' style='flex-basis: 50%;'><div class='ff-el-group'><div class=\"ff-el-input--label ff-el-is-required asterisk-right\"><label for='ff_5_input_text_1' id='label_ff_5_input_text_1' aria-label=\"Phone Number\">Phone Number<\/label><\/div><div class='ff-el-input--content'><input type=\"text\" name=\"input_text_1\" class=\"ff-el-form-control\" placeholder=\"Enter a phone number\" data-name=\"input_text_1\" id=\"ff_5_input_text_1\"  aria-invalid=\"false\" aria-required=true><\/div><\/div><\/div><div class='ff-t-cell ff-t-column-2' style='flex-basis: 50%;'><div class='ff-el-group'><div class=\"ff-el-input--label ff-el-is-required asterisk-right\"><label for='ff_5_numeric_field' id='label_ff_5_numeric_field' aria-label=\"Travel Duration\">Travel Duration<\/label><\/div><div class='ff-el-input--content'><div class=\"ff_input-group\"><input type=\"number\" name=\"numeric_field\" id=\"ff_5_numeric_field\" class=\"ff-el-form-control\" placeholder=\"14\" data-name=\"numeric_field\" inputmode=\"numeric\" step=\"any\" min=\"1\" aria-valuemin=\"1\" max=\"30\" aria-valuemax=\"30\"  aria-invalid=\"false\" aria-required=true><div class=\"ff_input-group-append\"><span class=\"ff_input-group-text\">Days<\/span><\/div><\/div><\/div><\/div><\/div><\/div><div class='ff-el-group'><div class=\"ff-el-input--label asterisk-right\"><label for='ff_5_description' id='label_ff_5_description' aria-label=\"Notes\">Notes<\/label><\/div><div class='ff-el-input--content'><textarea aria-required=\"false\" aria-labelledby=\"label_ff_5_description\" name=\"description\" id=\"ff_5_description\" class=\"ff-el-form-control\" placeholder=\"Write your note here\" rows=\"1\" cols=\"2\" data-name=\"description\" ><\/textarea><\/div><\/div><div class='ff-el-group ' ><div class='ff-el-input--content'><div data-fluent_id='5' name='g-recaptcha-response'><div\n\t\tdata-sitekey='6LfsvRwsAAAAALkhO-BdFiP1JTYWsIT_ozMvTxa0'\n\t\tid='fluentform-recaptcha-5-1'\n\t\tclass='ff-el-recaptcha g-recaptcha'\n\t\tdata-callback='fluentFormrecaptchaSuccessCallback'><\/div><\/div><\/div><\/div><div class='ff-el-group ff-text-left ff_submit_btn_wrapper'><button type=\"submit\" class=\"ff-btn ff-btn-submit ff-btn-md ff_btn_style\"  aria-label=\"Submit\">Submit<\/button><\/div><\/fieldset><\/form><div id='fluentform_5_errors' class='ff-errors-in-stack ff_form_instance_5_1 ff-form-loading_errors ff_form_instance_5_1_errors'><\/div><\/div>            <script type=\"text\/javascript\">\n                window.fluent_form_ff_form_instance_5_1 = {\"id\":\"5\",\"ajaxUrl\":\"https:\\\/\\\/ceylonsignature.com\\\/wp-admin\\\/admin-ajax.php\",\"settings\":{\"layout\":{\"labelPlacement\":\"top\",\"asteriskPlacement\":\"asterisk-right\",\"helpMessagePlacement\":\"with_label\",\"errorMessagePlacement\":\"inline\",\"cssClassName\":\"\"},\"restrictions\":{\"denyEmptySubmission\":{\"enabled\":false}}},\"form_instance\":\"ff_form_instance_5_1\",\"form_id_selector\":\"fluentform_5\",\"rules\":{\"input_text\":{\"required\":{\"value\":true,\"message\":\"Dieses Feld ist erforderlich\",\"global_message\":\"This field is required\",\"global\":true}},\"email\":{\"required\":{\"value\":true,\"message\":\"Dieses Feld ist erforderlich\",\"global_message\":\"This field is required\",\"global\":true},\"email\":{\"value\":true,\"message\":\"Dieses Feld muss eine g\\u00fcltige E-Mail-Adresse enthalten\",\"global_message\":\"This field must contain a valid email\",\"global\":true}},\"input_text_1\":{\"required\":{\"value\":true,\"message\":\"Dieses Feld ist erforderlich\",\"global_message\":\"This field is required\",\"global\":true}},\"numeric_field\":{\"required\":{\"value\":true,\"message\":\"Dieses Feld ist erforderlich\",\"global_message\":\"This field is required\",\"global\":true},\"numeric\":{\"value\":true,\"message\":\"Dieses Feld muss einen numerischen Wert enthalten\",\"global_message\":\"This field must contain numeric value\",\"global\":true},\"min\":{\"value\":\"1\",\"message\":\"Validierung des Mindestwerts schl\\u00e4gt fehl\",\"global_message\":\"Validation fails for minimum value\",\"global\":true},\"max\":{\"value\":\"30\",\"message\":\"Validierung schl\\u00e4gt bei Maximalwert fehl\",\"global_message\":\"Validation fails for maximum value\",\"global\":true},\"digits\":{\"value\":\"\",\"message\":\"Validierung schl\\u00e4gt bei begrenzten Ziffern fehl\",\"global_message\":\"Validation fails for limited digits\",\"global\":true}},\"description\":{\"required\":{\"value\":false,\"message\":\"Dieses Feld ist erforderlich\",\"global_message\":\"This field is required\",\"global\":true}},\"g-recaptcha-response\":[]},\"debounce_time\":300};\n                            <\/script>\n                        <\/div>\n\n            \t\t\t\t<\/div>\n\t\t\t\t<\/div>\n\t\t\t\t<\/div>\n\t\t<div class=\"elementor-element elementor-element-704a58ef e-con-full elementor-hidden-mobile e-flex e-con e-child\" data-id=\"704a58ef\" data-element_type=\"container\" data-e-type=\"container\">\n\t\t\t\t<div class=\"elementor-element elementor-element-5d1707e6 elementor-widget elementor-widget-image\" data-id=\"5d1707e6\" data-element_type=\"widget\" data-e-type=\"widget\" data-widget_type=\"image.default\">\n\t\t\t\t\t\t\t\t\t\t\t\t\t\t\t<img fetchpriority=\"high\" decoding=\"async\" width=\"1110\" height=\"1130\" src=\"https:\/\/ceylonsignature.com\/wp-content\/uploads\/2025\/11\/Gemini_Generated_Image_nropk1nropk1nrop-Photoroom-e1764019127840.webp\" class=\"attachment-full size-full wp-image-1714\" alt=\"| - Sri Lanka\" srcset=\"https:\/\/ceylonsignature.com\/wp-content\/uploads\/2025\/11\/Gemini_Generated_Image_nropk1nropk1nrop-Photoroom-e1764019127840.webp 1110w, https:\/\/ceylonsignature.com\/wp-content\/uploads\/2025\/11\/Gemini_Generated_Image_nropk1nropk1nrop-Photoroom-e1764019127840-295x300.webp 295w, https:\/\/ceylonsignature.com\/wp-content\/uploads\/2025\/11\/Gemini_Generated_Image_nropk1nropk1nrop-Photoroom-e1764019127840-1006x1024.webp 1006w, https:\/\/ceylonsignature.com\/wp-content\/uploads\/2025\/11\/Gemini_Generated_Image_nropk1nropk1nrop-Photoroom-e1764019127840-768x782.webp 768w\" sizes=\"(max-width: 1110px) 100vw, 1110px\" title=\"| - Sri Lanka\">\t\t\t\t\t\t\t\t\t\t\t\t\t\t\t<\/div>\n\t\t\t\t<\/div>\n\t\t\t\t<\/div>\n\t\t\t\t\t<\/div>\n\t\t\t\t<\/div>\n\t\t\t\t<\/div>\n\t\t\t\t<\/div>\n\t\t\t\t\t\t<\/div>\n\t\t\t\t<\/div>\n\t\t\t\t<\/div>\n\t\t\t\t<\/div>\n\t\t","protected":false},"excerpt":{"rendered":"<p>Signature-Aufenthalte Welpalla Signature Welpalla Signature ist Ihr Zufluchtsort \u2013 ein Ort, an dem sich die Zeit verlangsamt, die Natur heilt und jeder Gast so umsorgt wird, als w\u00e4re er der einzige auf der Welt.Familien genie\u00dfen ihre eigenen abgeschiedenen Gartenbereiche, Kinder entdecken die Magie der Pflanzen und der Natur, und Paare finden friedliche Ecken f\u00fcr Meditation, [&hellip;]<\/p>\n","protected":false},"author":1,"featured_media":0,"parent":0,"menu_order":0,"comment_status":"closed","ping_status":"closed","template":"","meta":{"_acf_changed":false,"footnotes":""},"class_list":["post-2194","page","type-page","status-publish","hentry"],"blocksy_meta":[],"acf":[],"_links":{"self":[{"href":"https:\/\/ceylonsignature.com\/de\/wp-json\/wp\/v2\/pages\/2194","targetHints":{"allow":["GET"]}}],"collection":[{"href":"https:\/\/ceylonsignature.com\/de\/wp-json\/wp\/v2\/pages"}],"about":[{"href":"https:\/\/ceylonsignature.com\/de\/wp-json\/wp\/v2\/types\/page"}],"author":[{"embeddable":true,"href":"https:\/\/ceylonsignature.com\/de\/wp-json\/wp\/v2\/users\/1"}],"replies":[{"embeddable":true,"href":"https:\/\/ceylonsignature.com\/de\/wp-json\/wp\/v2\/comments?post=2194"}],"version-history":[{"count":0,"href":"https:\/\/ceylonsignature.com\/de\/wp-json\/wp\/v2\/pages\/2194\/revisions"}],"wp:attachment":[{"href":"https:\/\/ceylonsignature.com\/de\/wp-json\/wp\/v2\/media?parent=2194"}],"curies":[{"name":"wp","href":"https:\/\/api.w.org\/{rel}","templated":true}]}}