{"id":2224,"date":"2025-11-08T00:25:31","date_gmt":"2025-11-07T23:25:31","guid":{"rendered":"https:\/\/ceylonsignature.com\/datenschutzerklaerung\/"},"modified":"2026-01-03T08:43:28","modified_gmt":"2026-01-03T07:43:28","slug":"datenschutzerklaerung","status":"publish","type":"page","link":"https:\/\/ceylonsignature.com\/de\/datenschutzerklaerung\/","title":{"rendered":"Datenschutzerkl\u00e4rung"},"content":{"rendered":"\t\t<div data-elementor-type=\"wp-page\" data-elementor-id=\"2224\" class=\"elementor elementor-2224\" data-elementor-post-type=\"page\">\n\t\t\t\t<div class=\"elementor-element elementor-element-2b9a8db e-flex e-con-boxed e-con e-parent\" data-id=\"2b9a8db\" data-element_type=\"container\" data-e-type=\"container\">\n\t\t\t\t\t<div class=\"e-con-inner\">\n\t\t\t\t<div class=\"elementor-element elementor-element-d2e18c8 elementor-widget elementor-widget-heading\" data-id=\"d2e18c8\" data-element_type=\"widget\" data-e-type=\"widget\" data-widget_type=\"heading.default\">\n\t\t\t\t\t<h2 class=\"elementor-heading-title elementor-size-default\"><b>Datenschutzerkl\u00e4rung<\/b><\/h2>\t\t\t\t<\/div>\n\t\t\t\t\t<\/div>\n\t\t\t\t<\/div>\n\t\t<div class=\"elementor-element elementor-element-d12eb77 e-flex e-con-boxed e-con e-parent\" data-id=\"d12eb77\" data-element_type=\"container\" data-e-type=\"container\">\n\t\t\t\t\t<div class=\"e-con-inner\">\n\t\t\t\t<div class=\"elementor-element elementor-element-20841c9 elementor-widget elementor-widget-text-editor\" data-id=\"20841c9\" data-element_type=\"widget\" data-e-type=\"widget\" data-widget_type=\"text-editor.default\">\n\t\t\t\t\t\t\t\t\t<p data-start=\"465\" data-end=\"491\"><em data-start=\"465\" data-end=\"491\">Zuletzt aktualisiert: [01.12.2025]<\/em><\/p><p data-start=\"493\" data-end=\"821\">Bei Ceylon Signature sch\u00e4tzen wir Ihr Vertrauen. Der Schutz Ihrer personenbezogenen Daten und die Wahrung Ihrer Privatsph\u00e4re sind ein wesentlicher Bestandteil unserer Arbeitsweise als Reiseanbieter mit Schweizer Qualit\u00e4tsanspruch. Diese Datenschutzerkl\u00e4rung erl\u00e4utert, wie wir Ihre personenbezogenen Daten erfassen, verwenden, speichern und sch\u00fctzen, wenn Sie mit unserer Website oder unseren Dienstleistungen interagieren.  <\/p><hr data-start=\"823\" data-end=\"826\"><h2 data-start=\"828\" data-end=\"844\">1. Wer wir sind<\/h2><p data-start=\"846\" data-end=\"990\">Ceylon Signature<br data-start=\"866\" data-end=\"869\">Eine in der Schweiz gef\u00fchrte Reisemarke, spezialisiert auf ma\u00dfgeschneiderte Reisen nach Sri Lanka.<br data-start=\"949\" data-end=\"952\">Website: <a class=\"decorated-link\" href=\"https:\/\/ceylonsignature.com\/de\/\" target=\"_new\" rel=\"noopener\" data-start=\"961\" data-end=\"988\"><strong data-start=\"846\" data-end=\"866\">https:\/\/ceylonsignature.com<\/strong><\/a><\/p><p data-start=\"992\" data-end=\"1106\">Wir halten die geltenden schweizerischen Datenschutzgesetze sowie die Datenschutz-Grundverordnung der EU (DSGVO) ein.<\/p><hr data-start=\"1108\" data-end=\"1111\"><h2 data-start=\"1113\" data-end=\"1146\">2. What Information We Collect<\/h2><p data-start=\"1148\" data-end=\"1241\">Wir erheben nur die Daten, die erforderlich sind, um ein hochwertiges und personalisiertes Reiseerlebnis zu bieten.<\/p><h3 data-start=\"1243\" data-end=\"1285\">a) Information You Provide Voluntarily<\/h3><ul data-start=\"1286\" data-end=\"1527\"><li data-start=\"1286\" data-end=\"1299\"><p data-start=\"1288\" data-end=\"1299\">Vollst\u00e4ndiger Name<\/p><\/li><li data-start=\"1300\" data-end=\"1317\"><p data-start=\"1302\" data-end=\"1317\">E-Mail-Adresse<\/p><\/li><li data-start=\"1318\" data-end=\"1334\"><p data-start=\"1320\" data-end=\"1334\">Telefonnummer<\/p><\/li><li data-start=\"1335\" data-end=\"1359\"><p data-start=\"1337\" data-end=\"1359\">Wohnsitzland<\/p><\/li><li data-start=\"1360\" data-end=\"1450\"><p data-start=\"1362\" data-end=\"1450\">Reisepr\u00e4ferenzen (Daten, Reiseziele, Interessen, Anzahl der Reisenden, Budgetbereich)<\/p><\/li><li data-start=\"1451\" data-end=\"1527\"><p data-start=\"1453\" data-end=\"1527\">Besondere W\u00fcnsche (Familienbed\u00fcrfnisse, Wellness, Ayurveda, Mobilit\u00e4tsanforderungen)<\/p><\/li><\/ul><h3 data-start=\"1529\" data-end=\"1571\">b) Automatisch erhobene Informationen<\/h3><ul data-start=\"1572\" data-end=\"1737\"><li data-start=\"1572\" data-end=\"1586\"><p data-start=\"1574\" data-end=\"1586\">IP-Adresse<\/p><\/li><li data-start=\"1587\" data-end=\"1615\"><p data-start=\"1589\" data-end=\"1615\">Browsertyp und -version<\/p><\/li><li data-start=\"1616\" data-end=\"1638\"><p data-start=\"1618\" data-end=\"1638\">Ger\u00e4teinformationen<\/p><\/li><li data-start=\"1639\" data-end=\"1677\"><p data-start=\"1641\" data-end=\"1677\">Besuchte Seiten und Interaktionsdaten<\/p><\/li><li data-start=\"1678\" data-end=\"1737\"><p data-start=\"1680\" data-end=\"1737\">Cookies und \u00e4hnliche Tracking-Technologien (siehe Abschnitt 8)<\/p><\/li><\/ul><hr data-start=\"1739\" data-end=\"1742\"><h2 data-start=\"1744\" data-end=\"1777\">Wie wir Ihre Informationen verwenden<\/h2><p data-start=\"1779\" data-end=\"1849\">Ihre Daten werden ausschlie\u00dflich verwendet, um unsere Dienstleistungen bereitzustellen und zu verbessern:<\/p><ul data-start=\"1851\" data-end=\"2116\"><li data-start=\"1851\" data-end=\"1907\"><p data-start=\"1853\" data-end=\"1907\">Zur Gestaltung und Verwaltung personalisierter Reisepl\u00e4ne<\/p><\/li><li data-start=\"1908\" data-end=\"1960\"><p data-start=\"1910\" data-end=\"1960\">Um auf Anfragen zu reagieren und mit Ihnen zu kommunizieren<\/p><\/li><li data-start=\"1961\" data-end=\"2008\"><p data-start=\"1963\" data-end=\"2008\">Zur Verwaltung von Buchungen, Zahlungen und Logistik<\/p><\/li><li data-start=\"2009\" data-end=\"2065\"><p data-start=\"2011\" data-end=\"2065\">Zur Verbesserung der Website-Funktionalit\u00e4t und der Benutzererfahrung<\/p><\/li><li data-start=\"2066\" data-end=\"2116\"><p data-start=\"2068\" data-end=\"2116\">Zur Einhaltung gesetzlicher oder beh\u00f6rdlicher Verpflichtungen<\/p><\/li><\/ul><p data-start=\"2118\" data-end=\"2181\">Wir verkaufen oder vermieten Ihre personenbezogenen Daten nicht an Dritte.<\/p><hr data-start=\"2183\" data-end=\"2186\"><h2 data-start=\"2188\" data-end=\"2227\">Rechtsgrundlage f\u00fcr die Verarbeitung (DSGVO)<\/h2><p data-start=\"2229\" data-end=\"2311\">Wir verarbeiten Ihre personenbezogenen Daten auf Grundlage einer oder mehrerer der folgenden rechtlichen Grundlagen:<\/p><ul data-start=\"2313\" data-end=\"2476\"><li data-start=\"2313\" data-end=\"2338\"><p data-start=\"2315\" data-end=\"2338\">Ihre ausdr\u00fcckliche Einwilligung<\/p><\/li><li data-start=\"2339\" data-end=\"2393\"><p data-start=\"2341\" data-end=\"2393\">Erf\u00fcllung eines Vertrags oder vorvertraglicher Ma\u00dfnahmen<\/p><\/li><li data-start=\"2394\" data-end=\"2454\"><p data-start=\"2396\" data-end=\"2454\">Legitime gesch\u00e4ftliche Interessen (z.\u202fB. Serviceverbesserung)<\/p><\/li><li data-start=\"2455\" data-end=\"2476\"><p data-start=\"2457\" data-end=\"2476\">Gesetzliche Verpflichtungen<\/p><\/li><\/ul><hr data-start=\"2478\" data-end=\"2481\"><h2 data-start=\"2483\" data-end=\"2506\">Weitergabe Ihrer Daten<\/h2><p data-start=\"2508\" data-end=\"2605\">Wir k\u00f6nnen begrenzte personenbezogene Daten nur dann mit vertrauensw\u00fcrdigen Partnern teilen, wenn dies erforderlich ist, beispielsweise mit:<\/p><ul data-start=\"2607\" data-end=\"2791\"><li data-start=\"2607\" data-end=\"2655\"><p data-start=\"2609\" data-end=\"2655\">Sorgf\u00e4ltig ausgew\u00e4hlte Hotels und Unterk\u00fcnfte<\/p><\/li><li data-start=\"2656\" data-end=\"2693\"><p data-start=\"2658\" data-end=\"2693\">Lizenzierte lokale Fahrer und Reiseleiter<\/p><\/li><li data-start=\"2694\" data-end=\"2754\"><p data-start=\"2696\" data-end=\"2754\">Fluggesellschaften oder Dienstleister, die in Ihre Reiseroute eingebunden sind<\/p><\/li><li data-start=\"2755\" data-end=\"2791\"><p data-start=\"2757\" data-end=\"2791\">Zahlungs- und IT-Dienstleister<\/p><\/li><\/ul><p data-start=\"2793\" data-end=\"2887\">Alle Partner sind vertraglich verpflichtet, Vertraulichkeit und Datenschutzstandards einzuhalten.<\/p><hr data-start=\"2889\" data-end=\"2892\"><h2 data-start=\"2894\" data-end=\"2928\">Internationale Daten\u00fcbermittlungen<\/h2><p data-start=\"2930\" data-end=\"3163\">Da wir zwischen der Schweiz, der EU und Sri Lanka t\u00e4tig sind, k\u00f6nnen Ihre Daten international \u00fcbertragen werden.<br data-start=\"3037\" data-end=\"3040\">In solchen F\u00e4llen stellen wir sicher, dass angemessene Schutzma\u00dfnahmen gem\u00e4\u00df der DSGVO und den schweizerischen Datenschutzbestimmungen vorhanden sind.<\/p><hr data-start=\"3165\" data-end=\"3168\"><h2 data-start=\"3170\" data-end=\"3190\">Datenspeicherung<\/h2><p data-start=\"3192\" data-end=\"3254\">Wir speichern Ihre personenbezogenen Daten nur so lange, wie dies erforderlich ist, um:<\/p><ul data-start=\"3256\" data-end=\"3361\"><li data-start=\"3256\" data-end=\"3306\"><p data-start=\"3258\" data-end=\"3306\">Den Zweck zu erf\u00fcllen, f\u00fcr den sie erhoben wurden<\/p><\/li><li data-start=\"3307\" data-end=\"3361\"><p data-start=\"3309\" data-end=\"3361\">Gesetzliche, buchhalterische oder beh\u00f6rdliche Anforderungen zu erf\u00fcllen<\/p><\/li><\/ul><p data-start=\"3363\" data-end=\"3443\">Sie k\u00f6nnen jederzeit die L\u00f6schung Ihrer Daten verlangen, vorbehaltlich gesetzlicher Verpflichtungen.<\/p><hr data-start=\"3445\" data-end=\"3448\"><h2 data-start=\"3450\" data-end=\"3487\">Cookies &amp; Tracking-Technologien<\/h2><p data-start=\"3489\" data-end=\"3567\">Unsere Website verwendet Cookies, um die Funktionalit\u00e4t zu verbessern und die Benutzererfahrung zu optimieren.<\/p><p data-start=\"3569\" data-end=\"3585\">Cookies helfen uns:<\/p><ul data-start=\"3586\" data-end=\"3668\"><li data-start=\"3586\" data-end=\"3614\"><p data-start=\"3588\" data-end=\"3614\">Die Nutzung der Website zu verstehen<\/p><\/li><li data-start=\"3615\" data-end=\"3639\"><p data-start=\"3617\" data-end=\"3639\">Leistung optimieren<\/p><\/li><li data-start=\"3640\" data-end=\"3668\"><p data-start=\"3642\" data-end=\"3668\">Relevante Inhalte bereitstellen<\/p><\/li><\/ul><p data-start=\"3670\" data-end=\"3747\">Sie k\u00f6nnen Cookies jederzeit \u00fcber Ihre Browsereinstellungen steuern oder deaktivieren.<\/p><hr data-start=\"3749\" data-end=\"3752\"><h2 data-start=\"3754\" data-end=\"3771\">Ihre Rechte<\/h2><p data-start=\"3773\" data-end=\"3795\">Sie haben das Recht auf:<\/p><ul data-start=\"3797\" data-end=\"4006\"><li data-start=\"3797\" data-end=\"3826\"><p data-start=\"3799\" data-end=\"3826\">Zugriff auf Ihre personenbezogenen Daten<\/p><\/li><li data-start=\"3827\" data-end=\"3868\"><p data-start=\"3829\" data-end=\"3868\">Berichtigung unrichtiger Daten verlangen<\/p><\/li><li data-start=\"3869\" data-end=\"3902\"><p data-start=\"3871\" data-end=\"3902\">L\u00f6schung Ihrer Daten verlangen<\/p><\/li><li data-start=\"3903\" data-end=\"3944\"><p data-start=\"3905\" data-end=\"3944\">Einschr\u00e4nkung oder Widerspruch gegen die Datenverarbeitung erheben<\/p><\/li><li data-start=\"3945\" data-end=\"3977\"><p data-start=\"3947\" data-end=\"3977\">Ihre Einwilligung jederzeit widerrufen<\/p><\/li><li data-start=\"3978\" data-end=\"4006\"><p data-start=\"3980\" data-end=\"4006\">Daten\u00fcbertragbarkeit verlangen<\/p><\/li><\/ul><p data-start=\"4008\" data-end=\"4076\">Um diese Rechte auszu\u00fcben, kontaktieren Sie uns bitte \u00fcber die untenstehenden Angaben.<\/p><hr data-start=\"4078\" data-end=\"4081\"><h2 data-start=\"4083\" data-end=\"4103\">Datensicherheit<\/h2><p data-start=\"4105\" data-end=\"4252\">Wir wenden geeignete technische und organisatorische Sicherheitsma\u00dfnahmen an, um Ihre personenbezogenen Daten vor unbefugtem Zugriff, Verlust oder Missbrauch zu sch\u00fctzen.<\/p><hr data-start=\"4254\" data-end=\"4257\"><h2 data-start=\"4259\" data-end=\"4283\">Links zu Drittanbietern<\/h2><p data-start=\"4285\" data-end=\"4426\">Unsere Website kann Links zu externen Websites enthalten.<br data-start=\"4336\" data-end=\"4339\">Wir sind nicht f\u00fcr die Datenschutzpraktiken oder Inhalte dieser Drittanbieter-Websites verantwortlich.<\/p><hr data-start=\"4428\" data-end=\"4431\"><h2 data-start=\"4433\" data-end=\"4470\">\u00c4nderungen dieser Datenschutzerkl\u00e4rung<\/h2><p data-start=\"4472\" data-end=\"4586\">Wir k\u00f6nnen diese Datenschutzerkl\u00e4rung von Zeit zu Zeit aktualisieren.<br data-start=\"4524\" data-end=\"4527\">Die neueste Version ist stets auf unserer Website verf\u00fcgbar.<\/p><hr data-start=\"4588\" data-end=\"4591\"><h2 data-start=\"4593\" data-end=\"4610\">Kontaktieren Sie uns<\/h2><p data-start=\"4612\" data-end=\"4708\">Wenn Sie Fragen zu dieser Datenschutzerkl\u00e4rung oder zur Verarbeitung Ihrer Daten haben, kontaktieren Sie bitte:<\/p><p data-start=\"4710\" data-end=\"4790\">E-Mail: <strong data-start=\"4710\" data-end=\"4720\">info@ceylonsignature.com<\/strong><br data-start=\"4745\" data-end=\"4748\">Website: <a class=\"decorated-link cursor-pointer\" rel=\"noopener\" data-start=\"4721\" data-end=\"4745\"><\/a><a class=\"decorated-link\" href=\"https:\/\/ceylonsignature.com\/de\/\" target=\"_new\" rel=\"noopener\" data-start=\"4761\" data-end=\"4788\">https:\/\/ceylonsignature.com<\/a><\/p>\t\t\t\t\t\t\t\t<\/div>\n\t\t\t\t\t<\/div>\n\t\t\t\t<\/div>\n\t\t<div class=\"elementor-element elementor-element-9a047d3 e-con-full e-flex e-con e-parent\" data-id=\"9a047d3\" data-element_type=\"container\" data-e-type=\"container\">\n\t\t\t\t<div class=\"elementor-element elementor-element-d3cd955 elementor-widget elementor-widget-template\" data-id=\"d3cd955\" data-element_type=\"widget\" data-e-type=\"widget\" data-widget_type=\"template.default\">\n\t\t\t\t<div class=\"elementor-widget-container\">\n\t\t\t\t\t\t\t<div class=\"elementor-template\">\n\t\t\t\t\t<div data-elementor-type=\"container\" data-elementor-id=\"1683\" class=\"elementor elementor-1683\" data-elementor-post-type=\"elementor_library\">\n\t\t\t\t<div class=\"elementor-element elementor-element-5e571b39 e-flex e-con-boxed e-con e-parent\" data-id=\"5e571b39\" data-element_type=\"container\" data-e-type=\"container\" id=\"quote\" data-settings=\"{&quot;background_background&quot;:&quot;classic&quot;}\">\n\t\t\t\t\t<div class=\"e-con-inner\">\n\t\t<div class=\"elementor-element elementor-element-e141f33 e-con-full animated-slow e-flex elementor-invisible e-con e-child\" data-id=\"e141f33\" data-element_type=\"container\" data-e-type=\"container\" data-settings=\"{&quot;animation&quot;:&quot;fadeIn&quot;,&quot;animation_mobile&quot;:&quot;none&quot;}\">\n\t\t<div class=\"elementor-element elementor-element-6472956b e-con-full e-flex e-con e-child\" data-id=\"6472956b\" data-element_type=\"container\" data-e-type=\"container\">\n\t\t\t\t<div class=\"elementor-element elementor-element-30cb186c elementor-widget elementor-widget-heading\" data-id=\"30cb186c\" data-element_type=\"widget\" data-e-type=\"widget\" data-widget_type=\"heading.default\">\n\t\t\t\t\t<h2 class=\"elementor-heading-title elementor-size-default\"><b>Get a<\/b> Quote<\/h2>\t\t\t\t<\/div>\n\t\t\t\t<div class=\"elementor-element elementor-element-35614675 elementor-widget elementor-widget-text-editor\" data-id=\"35614675\" data-element_type=\"widget\" data-e-type=\"widget\" data-widget_type=\"text-editor.default\">\n\t\t\t\t\t\t\t\t\t<div class=\"flex flex-col items-start justify-center w-full\"><p class=\"lg:mb-[48px] mb-[24px] font-sans \">Our dedicated team of local experts are available 24\/7, ready to provide assistance whenever you need it<\/p><\/div>\t\t\t\t\t\t\t\t<\/div>\n\t\t\t\t<div class=\"elementor-element elementor-element-7f8f22ae fluentform-widget-submit-button-full-width elementor-widget elementor-widget-fluent-form-widget\" data-id=\"7f8f22ae\" data-element_type=\"widget\" data-e-type=\"widget\" data-widget_type=\"fluent-form-widget.default\">\n\t\t\t\t<div class=\"elementor-widget-container\">\n\t\t\t\t\t\n            <div class=\"fluentform-widget-wrapper\">\n\n            \n            <div class='fluentform ff-default fluentform_wrapper_5 ffs_default_wrap'><form data-form_id=\"5\" id=\"fluentform_5\" class=\"frm-fluent-form fluent_form_5 ff-el-form-top ff_form_instance_5_1 ff-form-loading ffs_default\" data-form_instance=\"ff_form_instance_5_1\" method=\"POST\" ><fieldset  style=\"border: none!important;margin: 0!important;padding: 0!important;background-color: transparent!important;box-shadow: none!important;outline: none!important; min-inline-size: 100%;\">\n                    <legend class=\"ff_screen_reader_title\" style=\"display: block; margin: 0!important;padding: 0!important;height: 0!important;text-indent: -999999px;width: 0!important;overflow:hidden;\">Get a Quote (2)<\/legend><input type='hidden' name='__fluent_form_embded_post_id' value='2224' \/><input type=\"hidden\" id=\"_fluentform_5_fluentformnonce\" name=\"_fluentform_5_fluentformnonce\" value=\"2392d3e3ab\" \/><input type=\"hidden\" name=\"_wp_http_referer\" value=\"\/de\/wp-json\/wp\/v2\/pages\/2224\" \/><div data-name=\"ff_cn_id_1\"  class='ff-t-container ff-column-container ff_columns_total_2 '><div class='ff-t-cell ff-t-column-1' style='flex-basis: 50%;'><div class='ff-el-group'><div class=\"ff-el-input--label ff-el-is-required asterisk-right\"><label for='ff_5_input_text' id='label_ff_5_input_text' aria-label=\"Full Name\">Full Name<\/label><\/div><div class='ff-el-input--content'><input type=\"text\" name=\"input_text\" class=\"ff-el-form-control\" placeholder=\" Hans Meier\" data-name=\"input_text\" id=\"ff_5_input_text\"  aria-invalid=\"false\" aria-required=true><\/div><\/div><\/div><div class='ff-t-cell ff-t-column-2' style='flex-basis: 50%;'><div class='ff-el-group'><div class=\"ff-el-input--label ff-el-is-required asterisk-right\"><label for='ff_5_email' id='label_ff_5_email' aria-label=\"Email Address\">Email Address<\/label><\/div><div class='ff-el-input--content'><input type=\"email\" name=\"email\" id=\"ff_5_email\" class=\"ff-el-form-control\" placeholder=\"hallo@outlook.com\" data-name=\"email\"  aria-invalid=\"false\" aria-required=true><\/div><\/div><\/div><\/div><div data-name=\"ff_cn_id_2\"  class='ff-t-container ff-column-container ff_columns_total_2 '><div class='ff-t-cell ff-t-column-1' style='flex-basis: 50%;'><div class='ff-el-group'><div class=\"ff-el-input--label ff-el-is-required asterisk-right\"><label for='ff_5_input_text_1' id='label_ff_5_input_text_1' aria-label=\"Phone Number\">Phone Number<\/label><\/div><div class='ff-el-input--content'><input type=\"text\" name=\"input_text_1\" class=\"ff-el-form-control\" placeholder=\"Enter a phone number\" data-name=\"input_text_1\" id=\"ff_5_input_text_1\"  aria-invalid=\"false\" aria-required=true><\/div><\/div><\/div><div class='ff-t-cell ff-t-column-2' style='flex-basis: 50%;'><div class='ff-el-group'><div class=\"ff-el-input--label ff-el-is-required asterisk-right\"><label for='ff_5_numeric_field' id='label_ff_5_numeric_field' aria-label=\"Travel Duration\">Travel Duration<\/label><\/div><div class='ff-el-input--content'><div class=\"ff_input-group\"><input type=\"number\" name=\"numeric_field\" id=\"ff_5_numeric_field\" class=\"ff-el-form-control\" placeholder=\"14\" data-name=\"numeric_field\" inputmode=\"numeric\" step=\"any\" min=\"1\" aria-valuemin=\"1\" max=\"30\" aria-valuemax=\"30\"  aria-invalid=\"false\" aria-required=true><div class=\"ff_input-group-append\"><span class=\"ff_input-group-text\">Days<\/span><\/div><\/div><\/div><\/div><\/div><\/div><div class='ff-el-group'><div class=\"ff-el-input--label asterisk-right\"><label for='ff_5_description' id='label_ff_5_description' aria-label=\"Notes\">Notes<\/label><\/div><div class='ff-el-input--content'><textarea aria-required=\"false\" aria-labelledby=\"label_ff_5_description\" name=\"description\" id=\"ff_5_description\" class=\"ff-el-form-control\" placeholder=\"Write your note here\" rows=\"1\" cols=\"2\" data-name=\"description\" ><\/textarea><\/div><\/div><div class='ff-el-group ' ><div class='ff-el-input--content'><div data-fluent_id='5' name='g-recaptcha-response'><div\n\t\tdata-sitekey='6LfsvRwsAAAAALkhO-BdFiP1JTYWsIT_ozMvTxa0'\n\t\tid='fluentform-recaptcha-5-1'\n\t\tclass='ff-el-recaptcha g-recaptcha'\n\t\tdata-callback='fluentFormrecaptchaSuccessCallback'><\/div><\/div><\/div><\/div><div class='ff-el-group ff-text-left ff_submit_btn_wrapper'><button type=\"submit\" class=\"ff-btn ff-btn-submit ff-btn-md ff_btn_style\"  aria-label=\"Submit\">Submit<\/button><\/div><\/fieldset><\/form><div id='fluentform_5_errors' class='ff-errors-in-stack ff_form_instance_5_1 ff-form-loading_errors ff_form_instance_5_1_errors'><\/div><\/div>            <script type=\"text\/javascript\">\n                window.fluent_form_ff_form_instance_5_1 = {\"id\":\"5\",\"ajaxUrl\":\"https:\\\/\\\/ceylonsignature.com\\\/wp-admin\\\/admin-ajax.php\",\"settings\":{\"layout\":{\"labelPlacement\":\"top\",\"asteriskPlacement\":\"asterisk-right\",\"helpMessagePlacement\":\"with_label\",\"errorMessagePlacement\":\"inline\",\"cssClassName\":\"\"},\"restrictions\":{\"denyEmptySubmission\":{\"enabled\":false}}},\"form_instance\":\"ff_form_instance_5_1\",\"form_id_selector\":\"fluentform_5\",\"rules\":{\"input_text\":{\"required\":{\"value\":true,\"message\":\"Dieses Feld ist erforderlich\",\"global_message\":\"This field is required\",\"global\":true}},\"email\":{\"required\":{\"value\":true,\"message\":\"Dieses Feld ist erforderlich\",\"global_message\":\"This field is required\",\"global\":true},\"email\":{\"value\":true,\"message\":\"Dieses Feld muss eine g\\u00fcltige E-Mail-Adresse enthalten\",\"global_message\":\"This field must contain a valid email\",\"global\":true}},\"input_text_1\":{\"required\":{\"value\":true,\"message\":\"Dieses Feld ist erforderlich\",\"global_message\":\"This field is required\",\"global\":true}},\"numeric_field\":{\"required\":{\"value\":true,\"message\":\"Dieses Feld ist erforderlich\",\"global_message\":\"This field is required\",\"global\":true},\"numeric\":{\"value\":true,\"message\":\"Dieses Feld muss einen numerischen Wert enthalten\",\"global_message\":\"This field must contain numeric value\",\"global\":true},\"min\":{\"value\":\"1\",\"message\":\"Validierung des Mindestwerts schl\\u00e4gt fehl\",\"global_message\":\"Validation fails for minimum value\",\"global\":true},\"max\":{\"value\":\"30\",\"message\":\"Validierung schl\\u00e4gt bei Maximalwert fehl\",\"global_message\":\"Validation fails for maximum value\",\"global\":true},\"digits\":{\"value\":\"\",\"message\":\"Validierung schl\\u00e4gt bei begrenzten Ziffern fehl\",\"global_message\":\"Validation fails for limited digits\",\"global\":true}},\"description\":{\"required\":{\"value\":false,\"message\":\"Dieses Feld ist erforderlich\",\"global_message\":\"This field is required\",\"global\":true}},\"g-recaptcha-response\":[]},\"debounce_time\":300};\n                            <\/script>\n                        <\/div>\n\n            \t\t\t\t<\/div>\n\t\t\t\t<\/div>\n\t\t\t\t<\/div>\n\t\t<div class=\"elementor-element elementor-element-704a58ef e-con-full elementor-hidden-mobile e-flex e-con e-child\" data-id=\"704a58ef\" data-element_type=\"container\" data-e-type=\"container\">\n\t\t\t\t<div class=\"elementor-element elementor-element-5d1707e6 elementor-widget elementor-widget-image\" data-id=\"5d1707e6\" data-element_type=\"widget\" data-e-type=\"widget\" data-widget_type=\"image.default\">\n\t\t\t\t\t\t\t\t\t\t\t\t\t\t\t<img fetchpriority=\"high\" decoding=\"async\" width=\"1110\" height=\"1130\" src=\"https:\/\/ceylonsignature.com\/wp-content\/uploads\/2025\/11\/Gemini_Generated_Image_nropk1nropk1nrop-Photoroom-e1764019127840.webp\" class=\"attachment-full size-full wp-image-1714\" alt=\"| - Sri Lanka\" srcset=\"https:\/\/ceylonsignature.com\/wp-content\/uploads\/2025\/11\/Gemini_Generated_Image_nropk1nropk1nrop-Photoroom-e1764019127840.webp 1110w, https:\/\/ceylonsignature.com\/wp-content\/uploads\/2025\/11\/Gemini_Generated_Image_nropk1nropk1nrop-Photoroom-e1764019127840-295x300.webp 295w, https:\/\/ceylonsignature.com\/wp-content\/uploads\/2025\/11\/Gemini_Generated_Image_nropk1nropk1nrop-Photoroom-e1764019127840-1006x1024.webp 1006w, https:\/\/ceylonsignature.com\/wp-content\/uploads\/2025\/11\/Gemini_Generated_Image_nropk1nropk1nrop-Photoroom-e1764019127840-768x782.webp 768w\" sizes=\"(max-width: 1110px) 100vw, 1110px\" title=\"| - Sri Lanka\">\t\t\t\t\t\t\t\t\t\t\t\t\t\t\t<\/div>\n\t\t\t\t<\/div>\n\t\t\t\t<\/div>\n\t\t\t\t\t<\/div>\n\t\t\t\t<\/div>\n\t\t\t\t<\/div>\n\t\t\t\t<\/div>\n\t\t\t\t\t\t<\/div>\n\t\t\t\t<\/div>\n\t\t\t\t<\/div>\n\t\t\t\t<\/div>\n\t\t","protected":false},"excerpt":{"rendered":"<p>Datenschutzerkl\u00e4rung Zuletzt aktualisiert: [01.12.2025] Bei Ceylon Signature sch\u00e4tzen wir Ihr Vertrauen. Der Schutz Ihrer personenbezogenen Daten und die Wahrung Ihrer Privatsph\u00e4re sind ein wesentlicher Bestandteil unserer Arbeitsweise als Reiseanbieter mit Schweizer Qualit\u00e4tsanspruch. Diese Datenschutzerkl\u00e4rung erl\u00e4utert, wie wir Ihre personenbezogenen Daten erfassen, verwenden, speichern und sch\u00fctzen, wenn Sie mit unserer Website oder unseren Dienstleistungen interagieren. 1. [&hellip;]<\/p>\n","protected":false},"author":1,"featured_media":0,"parent":0,"menu_order":0,"comment_status":"closed","ping_status":"closed","template":"","meta":{"_acf_changed":false,"footnotes":""},"class_list":["post-2224","page","type-page","status-publish","hentry"],"blocksy_meta":[],"acf":[],"_links":{"self":[{"href":"https:\/\/ceylonsignature.com\/de\/wp-json\/wp\/v2\/pages\/2224","targetHints":{"allow":["GET"]}}],"collection":[{"href":"https:\/\/ceylonsignature.com\/de\/wp-json\/wp\/v2\/pages"}],"about":[{"href":"https:\/\/ceylonsignature.com\/de\/wp-json\/wp\/v2\/types\/page"}],"author":[{"embeddable":true,"href":"https:\/\/ceylonsignature.com\/de\/wp-json\/wp\/v2\/users\/1"}],"replies":[{"embeddable":true,"href":"https:\/\/ceylonsignature.com\/de\/wp-json\/wp\/v2\/comments?post=2224"}],"version-history":[{"count":0,"href":"https:\/\/ceylonsignature.com\/de\/wp-json\/wp\/v2\/pages\/2224\/revisions"}],"wp:attachment":[{"href":"https:\/\/ceylonsignature.com\/de\/wp-json\/wp\/v2\/media?parent=2224"}],"curies":[{"name":"wp","href":"https:\/\/api.w.org\/{rel}","templated":true}]}}